{"id":56,"date":"2023-10-25T01:48:52","date_gmt":"2023-10-24T23:48:52","guid":{"rendered":"https:\/\/mo-asumang-management.com\/blog\/?page_id=56"},"modified":"2023-10-26T01:50:45","modified_gmt":"2023-10-25T23:50:45","slug":"nutzungsbedingungen","status":"publish","type":"page","link":"http:\/\/mo-asumang-management.com\/blog\/nutzungsbedingungen\/","title":{"rendered":"Nutzungsbedingungen"},"content":{"rendered":"<p>Bitte werfen Sie einen genauen Blick auf diese Details, bevor Sie die Dienste auf https:\/\/mo-asumang-management.com nutzen.<\/p>\n<p>Der Zugang zu und die Nutzung dieses Dienstes h\u00e4ngen von Ihrer Zustimmung und Einhaltung dieser Bedingungen ab. Diese Bedingungen sind f\u00fcr alle Personen bindend, einschlie\u00dflich Besucher, Nutzer und jeder, der auf diesen Dienst zugreift oder ihn nutzt.<\/p>\n<p>Durch den Zugriff auf oder die Nutzung dieses Dienstes verpflichten Sie sich zur Einhaltung dieser Bedingungen. Wenn Sie mit einem Teil dieser Bedingungen nicht einverstanden sind, empfehlen wir Ihnen, die Nutzung dieses Dienstes einzustellen.<\/p>\n<p>Eigentumsrechte<br \/>\nDieser Dienst einschlie\u00dflich seines Originalinhalts ist das geistige Eigentum von https:\/\/mo-asumang-management.com und dem lizenzierten Inhaber dieses Dienstes. Dieser Dienst ist durch Urheberrecht, Markenrecht und andere Gesetze in Thailand und anderen L\u00e4ndern gesch\u00fctzt. Die Verwendung unserer Rechte und Logos ist ohne Erlaubnis von https:\/\/mo-asumang-management.com strengstens untersagt.<\/p>\n<p>Links zu externen Websites<br \/>\nUnser Dienst kann Hyperlinks zu Websites oder Diensten von Drittanbietern enthalten, die weder im Besitz von noch unter der Kontrolle von https:\/\/mo-asumang-management.com stehen.<\/p>\n<p>Es ist wichtig zu beachten, dass https:\/\/mo-asumang-management.com keine Kontrolle \u00fcber den Inhalt, die Datenschutzrichtlinien oder die Praktiken von Websites oder Diensten von Drittanbietern hat. Sie erkennen an und stimmen zu, dass https:\/\/mo-asumang-management.com f\u00fcr jegliche Art von Verlust oder Schaden, sei es tats\u00e4chlich oder behauptet, im Zusammenhang mit oder resultierend aus der Nutzung von Inhalten, Produkten oder Dienstleistungen, die \u00fcber solche Websites oder Dienste verf\u00fcgbar sind, nicht verantwortlich ist.<\/p>\n<p>Wir empfehlen, die Nutzungsbedingungen und Datenschutzrichtlinien von Websites oder Diensten von Drittanbietern, die Sie besuchen, gr\u00fcndlich zu \u00fcberpr\u00fcfen.<\/p>\n<p>K\u00fcndigung<br \/>\nWir behalten uns das Recht vor, Ihren Zugang zu diesem Dienst aus irgendeinem Grund, einschlie\u00dflich, aber nicht beschr\u00e4nkt auf Verst\u00f6\u00dfe gegen die Bedingungen, ohne vorherige Ank\u00fcndigung oder ohne jegliche Haftung unverz\u00fcglich zu beenden oder auszusetzen.<\/p>\n<p>Nach der K\u00fcndigung ist es zwingend erforderlich, dass Sie die Nutzung des Dienstes umgehend einstellen.<\/p>\n<p>Haftungsbeschr\u00e4nkung<br \/>\nIn keinem Fall haftet https:\/\/mo-asumang-management.com, einschlie\u00dflich seiner F\u00fchrungskr\u00e4fte, Mitarbeiter, Partner, Agenten, Mitarbeiter oder Partner, f\u00fcr indirekte, zuf\u00e4llige, spezielle, Folgesch\u00e4den oder jegliche Art von Verlust oder Schaden. Dazu geh\u00f6ren, sind aber nicht beschr\u00e4nkt auf: (i) Verlust des Zugangs oder der Nutzung oder die Unf\u00e4higkeit, auf den Dienst zuzugreifen oder ihn zu nutzen; (ii) Handlungen Dritter innerhalb des Dienstes; (iii) Inhalte, die aus dem Dienst erhalten wurden; (iv) unbefugter Zugriff, Nutzung oder \u00c4nderung Ihrer \u00dcbertragungen oder Inhalte. Unabh\u00e4ngig davon, ob wir auf die M\u00f6glichkeit eines solchen Schadens hingewiesen wurden, k\u00f6nnen diese Umst\u00e4nde durch Ihre Nutzung oder Ihren Zugriff auf den Dienst verursacht oder damit verbunden sein, sei es im Rahmen eines Vertrags, einer unerlaubten Handlung (einschlie\u00dflich Fahrl\u00e4ssigkeit) oder einer anderen Haftungstheorie.<\/p>\n<p>Keine Garantie<br \/>\nDie Nutzung des Dienstes erfolgt auf eigenes Risiko. Der Dienst wird auf einer &#8222;wie er ist&#8220; und &#8222;wie verf\u00fcgbar&#8220; Basis bereitgestellt. Der Dienst wird ohne jegliche Gew\u00e4hrleistung in jeglicher Form pr\u00e4sentiert, sei es ausdr\u00fccklich oder stillschweigend, einschlie\u00dflich, aber nicht beschr\u00e4nkt auf stillschweigende Gew\u00e4hrleistungen der Marktg\u00e4ngigkeit, der Eignung f\u00fcr einen bestimmten Zweck, der Nichtverletzung oder einer bestimmten Leistungsebene. https:\/\/mo-asumang-management.com, seine Tochtergesellschaften, Partner und Lizenzgeber garantieren nicht, dass: (a) der Dienst kontinuierlich, sicher oder zu einem bestimmten Zeitpunkt oder an einem bestimmten Ort verf\u00fcgbar sein wird; (b) Fehler oder M\u00e4ngel behoben werden; (c) der Dienst frei von Viren oder sch\u00e4dlichen Komponenten sein wird; oder (d) die Ergebnisse der Nutzung des Dienstes Ihren Anforderungen entsprechen werden.<\/p>\n","protected":false},"excerpt":{"rendered":"<p>Bitte werfen Sie einen genauen Blick auf diese Details, bevor Sie die Dienste auf https:\/\/mo-asumang-management.com nutzen. Der Zugang zu und<\/p>\n","protected":false},"author":1,"featured_media":0,"parent":0,"menu_order":0,"comment_status":"closed","ping_status":"closed","template":"","meta":{"footnotes":""},"yoast_head":"<!-- This site is optimized with the Yoast SEO plugin v21.4 - https:\/\/yoast.com\/wordpress\/plugins\/seo\/ -->\n<title>Nutzungsbedingungen - Mo Assuming Management<\/title>\n<meta name=\"robots\" content=\"index, follow, max-snippet:-1, max-image-preview:large, max-video-preview:-1\" \/>\n<link rel=\"canonical\" href=\"http:\/\/mo-asumang-management.com\/blog\/nutzungsbedingungen\/\" \/>\n<meta property=\"og:locale\" content=\"de_DE\" \/>\n<meta property=\"og:type\" content=\"article\" \/>\n<meta property=\"og:title\" content=\"Nutzungsbedingungen - Mo Assuming Management\" \/>\n<meta property=\"og:description\" content=\"Bitte werfen Sie einen genauen Blick auf diese Details, bevor Sie die Dienste auf https:\/\/mo-asumang-management.com nutzen. Der Zugang zu und\" \/>\n<meta property=\"og:url\" content=\"http:\/\/mo-asumang-management.com\/blog\/nutzungsbedingungen\/\" \/>\n<meta property=\"og:site_name\" content=\"Mo Assuming Management\" \/>\n<meta property=\"article:modified_time\" content=\"2023-10-25T23:50:45+00:00\" \/>\n<meta name=\"twitter:card\" content=\"summary_large_image\" \/>\n<meta name=\"twitter:label1\" content=\"Gesch\u00e4tzte Lesezeit\" \/>\n\t<meta name=\"twitter:data1\" content=\"3 Minuten\" \/>\n<script type=\"application\/ld+json\" class=\"yoast-schema-graph\">{\"@context\":\"https:\/\/schema.org\",\"@graph\":[{\"@type\":\"WebPage\",\"@id\":\"http:\/\/mo-asumang-management.com\/blog\/nutzungsbedingungen\/\",\"url\":\"http:\/\/mo-asumang-management.com\/blog\/nutzungsbedingungen\/\",\"name\":\"Nutzungsbedingungen - Mo Assuming Management\",\"isPartOf\":{\"@id\":\"https:\/\/mo-asumang-management.com\/blog\/#website\"},\"datePublished\":\"2023-10-24T23:48:52+00:00\",\"dateModified\":\"2023-10-25T23:50:45+00:00\",\"breadcrumb\":{\"@id\":\"http:\/\/mo-asumang-management.com\/blog\/nutzungsbedingungen\/#breadcrumb\"},\"inLanguage\":\"de-DE\",\"potentialAction\":[{\"@type\":\"ReadAction\",\"target\":[\"http:\/\/mo-asumang-management.com\/blog\/nutzungsbedingungen\/\"]}]},{\"@type\":\"BreadcrumbList\",\"@id\":\"http:\/\/mo-asumang-management.com\/blog\/nutzungsbedingungen\/#breadcrumb\",\"itemListElement\":[{\"@type\":\"ListItem\",\"position\":1,\"name\":\"Home\",\"item\":\"https:\/\/mo-asumang-management.com\/blog\/\"},{\"@type\":\"ListItem\",\"position\":2,\"name\":\"Nutzungsbedingungen\"}]},{\"@type\":\"WebSite\",\"@id\":\"https:\/\/mo-asumang-management.com\/blog\/#website\",\"url\":\"https:\/\/mo-asumang-management.com\/blog\/\",\"name\":\"Mo Assuming Management\",\"description\":\"Blog\",\"potentialAction\":[{\"@type\":\"SearchAction\",\"target\":{\"@type\":\"EntryPoint\",\"urlTemplate\":\"https:\/\/mo-asumang-management.com\/blog\/?s={search_term_string}\"},\"query-input\":\"required name=search_term_string\"}],\"inLanguage\":\"de-DE\"}]}<\/script>\n<!-- \/ Yoast SEO plugin. -->","yoast_head_json":{"title":"Nutzungsbedingungen - Mo Assuming Management","robots":{"index":"index","follow":"follow","max-snippet":"max-snippet:-1","max-image-preview":"max-image-preview:large","max-video-preview":"max-video-preview:-1"},"canonical":"http:\/\/mo-asumang-management.com\/blog\/nutzungsbedingungen\/","og_locale":"de_DE","og_type":"article","og_title":"Nutzungsbedingungen - Mo Assuming Management","og_description":"Bitte werfen Sie einen genauen Blick auf diese Details, bevor Sie die Dienste auf https:\/\/mo-asumang-management.com nutzen. Der Zugang zu und","og_url":"http:\/\/mo-asumang-management.com\/blog\/nutzungsbedingungen\/","og_site_name":"Mo Assuming Management","article_modified_time":"2023-10-25T23:50:45+00:00","twitter_card":"summary_large_image","twitter_misc":{"Gesch\u00e4tzte Lesezeit":"3 Minuten"},"schema":{"@context":"https:\/\/schema.org","@graph":[{"@type":"WebPage","@id":"http:\/\/mo-asumang-management.com\/blog\/nutzungsbedingungen\/","url":"http:\/\/mo-asumang-management.com\/blog\/nutzungsbedingungen\/","name":"Nutzungsbedingungen - Mo Assuming Management","isPartOf":{"@id":"https:\/\/mo-asumang-management.com\/blog\/#website"},"datePublished":"2023-10-24T23:48:52+00:00","dateModified":"2023-10-25T23:50:45+00:00","breadcrumb":{"@id":"http:\/\/mo-asumang-management.com\/blog\/nutzungsbedingungen\/#breadcrumb"},"inLanguage":"de-DE","potentialAction":[{"@type":"ReadAction","target":["http:\/\/mo-asumang-management.com\/blog\/nutzungsbedingungen\/"]}]},{"@type":"BreadcrumbList","@id":"http:\/\/mo-asumang-management.com\/blog\/nutzungsbedingungen\/#breadcrumb","itemListElement":[{"@type":"ListItem","position":1,"name":"Home","item":"https:\/\/mo-asumang-management.com\/blog\/"},{"@type":"ListItem","position":2,"name":"Nutzungsbedingungen"}]},{"@type":"WebSite","@id":"https:\/\/mo-asumang-management.com\/blog\/#website","url":"https:\/\/mo-asumang-management.com\/blog\/","name":"Mo Assuming Management","description":"Blog","potentialAction":[{"@type":"SearchAction","target":{"@type":"EntryPoint","urlTemplate":"https:\/\/mo-asumang-management.com\/blog\/?s={search_term_string}"},"query-input":"required name=search_term_string"}],"inLanguage":"de-DE"}]}},"_links":{"self":[{"href":"https:\/\/mo-asumang-management.com\/blog\/wp-json\/wp\/v2\/pages\/56"}],"collection":[{"href":"https:\/\/mo-asumang-management.com\/blog\/wp-json\/wp\/v2\/pages"}],"about":[{"href":"https:\/\/mo-asumang-management.com\/blog\/wp-json\/wp\/v2\/types\/page"}],"author":[{"embeddable":true,"href":"https:\/\/mo-asumang-management.com\/blog\/wp-json\/wp\/v2\/users\/1"}],"replies":[{"embeddable":true,"href":"https:\/\/mo-asumang-management.com\/blog\/wp-json\/wp\/v2\/comments?post=56"}],"version-history":[{"count":1,"href":"https:\/\/mo-asumang-management.com\/blog\/wp-json\/wp\/v2\/pages\/56\/revisions"}],"predecessor-version":[{"id":57,"href":"https:\/\/mo-asumang-management.com\/blog\/wp-json\/wp\/v2\/pages\/56\/revisions\/57"}],"wp:attachment":[{"href":"https:\/\/mo-asumang-management.com\/blog\/wp-json\/wp\/v2\/media?parent=56"}],"curies":[{"name":"wp","href":"https:\/\/api.w.org\/{rel}","templated":true}]}}