{"id":54,"date":"2023-10-25T01:46:54","date_gmt":"2023-10-24T23:46:54","guid":{"rendered":"https:\/\/mo-asumang-management.com\/blog\/?page_id=54"},"modified":"2023-10-26T01:48:25","modified_gmt":"2023-10-25T23:48:25","slug":"kontaktiere-uns","status":"publish","type":"page","link":"http:\/\/mo-asumang-management.com\/blog\/kontaktiere-uns\/","title":{"rendered":"Kontaktiere uns"},"content":{"rendered":"<p>Wir sch\u00e4tzen Ihre Vorschl\u00e4ge sehr und hoffen, von Ihnen zu h\u00f6ren.<\/p>\n<p>Wenn Sie uns kontaktieren m\u00f6chten oder Feedback zu unserer Website haben, laden wir Sie ein, uns an die unten angegebene E-Mail-Adresse zu schreiben.<\/p>\n<p>Bitte verwenden Sie eine klare Betreffzeile, damit wir Ihre Nachricht unter den zahlreichen E-Mails, die wir t\u00e4glich erhalten, identifizieren k\u00f6nnen. Wir werden unser Bestes tun, um Ihnen so schnell wie m\u00f6glich zu antworten.<\/p>\n<p>Wir sch\u00e4tzen Ihr Feedback, sei es Kritik oder Kommentare zu unserer Website. Bitte denken Sie daran, es im Kommentarbereich unter jedem Artikel zu hinterlassen.<\/p>\n<p>Wenn Sie Fragen oder Kommentare zu den von uns \u00fcberpr\u00fcften Produkten haben, bitten wir Sie, Ihre Gedanken im entsprechenden Kommentarbereich auszudr\u00fccken.<\/p>\n<p>Dies ist wichtig, da es uns hilft, direkt zu antworten, und auch andere Leser sich am Gespr\u00e4ch beteiligen k\u00f6nnen.<\/p>\n<p>Bitte beachten Sie, dass wir die von uns \u00fcberpr\u00fcften Produkte nicht verkaufen oder lagern. Wenn Sie Probleme beim Kauf haben, empfehlen wir Ihnen, sich direkt an den Hersteller zu wenden.<\/p>\n<p>Es tut uns leid, Ihnen mitteilen zu m\u00fcssen, dass wir aufgrund des hohen Aufkommens von Anfragen, die wir erhalten, nicht auf E-Mails im Zusammenhang mit dem Kauf von Nahrungserg\u00e4nzungsmitteln antworten k\u00f6nnen.<\/p>\n<p>F\u00fcr weitere Informationen k\u00f6nnen Sie uns gerne unter der folgenden E-Mail-Adresse kontaktieren:<\/p>\n<p>Kontakt: info@mo-asumang-management.com.<\/p>\n","protected":false},"excerpt":{"rendered":"<p>Wir sch\u00e4tzen Ihre Vorschl\u00e4ge sehr und hoffen, von Ihnen zu h\u00f6ren. Wenn Sie uns kontaktieren m\u00f6chten oder Feedback zu unserer<\/p>\n","protected":false},"author":1,"featured_media":0,"parent":0,"menu_order":0,"comment_status":"closed","ping_status":"closed","template":"","meta":{"footnotes":""},"yoast_head":"<!-- This site is optimized with the Yoast SEO plugin v21.4 - https:\/\/yoast.com\/wordpress\/plugins\/seo\/ -->\n<title>Kontaktiere uns - Mo Assuming Management<\/title>\n<meta name=\"robots\" content=\"index, follow, max-snippet:-1, max-image-preview:large, max-video-preview:-1\" \/>\n<link rel=\"canonical\" href=\"http:\/\/mo-asumang-management.com\/blog\/kontaktiere-uns\/\" \/>\n<meta property=\"og:locale\" content=\"de_DE\" \/>\n<meta property=\"og:type\" content=\"article\" \/>\n<meta property=\"og:title\" content=\"Kontaktiere uns - Mo Assuming Management\" \/>\n<meta property=\"og:description\" content=\"Wir sch\u00e4tzen Ihre Vorschl\u00e4ge sehr und hoffen, von Ihnen zu h\u00f6ren. Wenn Sie uns kontaktieren m\u00f6chten oder Feedback zu unserer\" \/>\n<meta property=\"og:url\" content=\"http:\/\/mo-asumang-management.com\/blog\/kontaktiere-uns\/\" \/>\n<meta property=\"og:site_name\" content=\"Mo Assuming Management\" \/>\n<meta property=\"article:modified_time\" content=\"2023-10-25T23:48:25+00:00\" \/>\n<meta name=\"twitter:card\" content=\"summary_large_image\" \/>\n<meta name=\"twitter:label1\" content=\"Gesch\u00e4tzte Lesezeit\" \/>\n\t<meta name=\"twitter:data1\" content=\"2 Minuten\" \/>\n<script type=\"application\/ld+json\" class=\"yoast-schema-graph\">{\"@context\":\"https:\/\/schema.org\",\"@graph\":[{\"@type\":\"WebPage\",\"@id\":\"http:\/\/mo-asumang-management.com\/blog\/kontaktiere-uns\/\",\"url\":\"http:\/\/mo-asumang-management.com\/blog\/kontaktiere-uns\/\",\"name\":\"Kontaktiere uns - Mo Assuming Management\",\"isPartOf\":{\"@id\":\"https:\/\/mo-asumang-management.com\/blog\/#website\"},\"datePublished\":\"2023-10-24T23:46:54+00:00\",\"dateModified\":\"2023-10-25T23:48:25+00:00\",\"breadcrumb\":{\"@id\":\"http:\/\/mo-asumang-management.com\/blog\/kontaktiere-uns\/#breadcrumb\"},\"inLanguage\":\"de-DE\",\"potentialAction\":[{\"@type\":\"ReadAction\",\"target\":[\"http:\/\/mo-asumang-management.com\/blog\/kontaktiere-uns\/\"]}]},{\"@type\":\"BreadcrumbList\",\"@id\":\"http:\/\/mo-asumang-management.com\/blog\/kontaktiere-uns\/#breadcrumb\",\"itemListElement\":[{\"@type\":\"ListItem\",\"position\":1,\"name\":\"Home\",\"item\":\"https:\/\/mo-asumang-management.com\/blog\/\"},{\"@type\":\"ListItem\",\"position\":2,\"name\":\"Kontaktiere uns\"}]},{\"@type\":\"WebSite\",\"@id\":\"https:\/\/mo-asumang-management.com\/blog\/#website\",\"url\":\"https:\/\/mo-asumang-management.com\/blog\/\",\"name\":\"Mo Assuming Management\",\"description\":\"Blog\",\"potentialAction\":[{\"@type\":\"SearchAction\",\"target\":{\"@type\":\"EntryPoint\",\"urlTemplate\":\"https:\/\/mo-asumang-management.com\/blog\/?s={search_term_string}\"},\"query-input\":\"required name=search_term_string\"}],\"inLanguage\":\"de-DE\"}]}<\/script>\n<!-- \/ Yoast SEO plugin. -->","yoast_head_json":{"title":"Kontaktiere uns - Mo Assuming Management","robots":{"index":"index","follow":"follow","max-snippet":"max-snippet:-1","max-image-preview":"max-image-preview:large","max-video-preview":"max-video-preview:-1"},"canonical":"http:\/\/mo-asumang-management.com\/blog\/kontaktiere-uns\/","og_locale":"de_DE","og_type":"article","og_title":"Kontaktiere uns - Mo Assuming Management","og_description":"Wir sch\u00e4tzen Ihre Vorschl\u00e4ge sehr und hoffen, von Ihnen zu h\u00f6ren. Wenn Sie uns kontaktieren m\u00f6chten oder Feedback zu unserer","og_url":"http:\/\/mo-asumang-management.com\/blog\/kontaktiere-uns\/","og_site_name":"Mo Assuming Management","article_modified_time":"2023-10-25T23:48:25+00:00","twitter_card":"summary_large_image","twitter_misc":{"Gesch\u00e4tzte Lesezeit":"2 Minuten"},"schema":{"@context":"https:\/\/schema.org","@graph":[{"@type":"WebPage","@id":"http:\/\/mo-asumang-management.com\/blog\/kontaktiere-uns\/","url":"http:\/\/mo-asumang-management.com\/blog\/kontaktiere-uns\/","name":"Kontaktiere uns - Mo Assuming Management","isPartOf":{"@id":"https:\/\/mo-asumang-management.com\/blog\/#website"},"datePublished":"2023-10-24T23:46:54+00:00","dateModified":"2023-10-25T23:48:25+00:00","breadcrumb":{"@id":"http:\/\/mo-asumang-management.com\/blog\/kontaktiere-uns\/#breadcrumb"},"inLanguage":"de-DE","potentialAction":[{"@type":"ReadAction","target":["http:\/\/mo-asumang-management.com\/blog\/kontaktiere-uns\/"]}]},{"@type":"BreadcrumbList","@id":"http:\/\/mo-asumang-management.com\/blog\/kontaktiere-uns\/#breadcrumb","itemListElement":[{"@type":"ListItem","position":1,"name":"Home","item":"https:\/\/mo-asumang-management.com\/blog\/"},{"@type":"ListItem","position":2,"name":"Kontaktiere uns"}]},{"@type":"WebSite","@id":"https:\/\/mo-asumang-management.com\/blog\/#website","url":"https:\/\/mo-asumang-management.com\/blog\/","name":"Mo Assuming Management","description":"Blog","potentialAction":[{"@type":"SearchAction","target":{"@type":"EntryPoint","urlTemplate":"https:\/\/mo-asumang-management.com\/blog\/?s={search_term_string}"},"query-input":"required name=search_term_string"}],"inLanguage":"de-DE"}]}},"_links":{"self":[{"href":"https:\/\/mo-asumang-management.com\/blog\/wp-json\/wp\/v2\/pages\/54"}],"collection":[{"href":"https:\/\/mo-asumang-management.com\/blog\/wp-json\/wp\/v2\/pages"}],"about":[{"href":"https:\/\/mo-asumang-management.com\/blog\/wp-json\/wp\/v2\/types\/page"}],"author":[{"embeddable":true,"href":"https:\/\/mo-asumang-management.com\/blog\/wp-json\/wp\/v2\/users\/1"}],"replies":[{"embeddable":true,"href":"https:\/\/mo-asumang-management.com\/blog\/wp-json\/wp\/v2\/comments?post=54"}],"version-history":[{"count":1,"href":"https:\/\/mo-asumang-management.com\/blog\/wp-json\/wp\/v2\/pages\/54\/revisions"}],"predecessor-version":[{"id":55,"href":"https:\/\/mo-asumang-management.com\/blog\/wp-json\/wp\/v2\/pages\/54\/revisions\/55"}],"wp:attachment":[{"href":"https:\/\/mo-asumang-management.com\/blog\/wp-json\/wp\/v2\/media?parent=54"}],"curies":[{"name":"wp","href":"https:\/\/api.w.org\/{rel}","templated":true}]}}