{"id":52,"date":"2023-10-25T01:45:15","date_gmt":"2023-10-24T23:45:15","guid":{"rendered":"https:\/\/mo-asumang-management.com\/blog\/?page_id=52"},"modified":"2023-10-26T01:46:50","modified_gmt":"2023-10-25T23:46:50","slug":"datenschutzrichtlinie","status":"publish","type":"page","link":"http:\/\/mo-asumang-management.com\/blog\/datenschutzrichtlinie\/","title":{"rendered":"Datenschutzrichtlinie"},"content":{"rendered":"<p>Auf https:\/\/mo-asumang-management.com\u00a0liegt uns der Schutz der Privatsph\u00e4re unserer Besucher sehr am Herzen.<\/p>\n<p>Wir legen gro\u00dfen Wert auf Ihre Privatsph\u00e4re und sind entschlossen, Ihre pers\u00f6nlichen Daten zu sch\u00fctzen, wenn Sie https:\/\/mo-asumang-management.com\u00a0besuchen. Dies beinhaltet die Sammlung und Nutzung verschiedener Arten von pers\u00f6nlichen Informationen, wie Ihrer IP-Adresse, des Internetdienstanbieters, den Sie nutzen (z. B. AOL oder Shaw Cable), Ihres Webbrowsers (z. B. Internet Explorer oder Firefox), der Zeit Ihres Besuchs und der Webseiten, die Sie auf unserer Seite aufrufen, die alle in Logdateien gespeichert sind. Seien Sie versichert, dass wir Ihre pers\u00f6nlichen Daten nicht an Dritte verkaufen.<\/p>\n<p>Um Ihr Surferlebnis auf unserer Website zu verbessern, verwenden wir Cookies. Diese Cookies speichern Ihre Einstellungen, einschlie\u00dflich Optionen wie das Anzeigen von Pop-up-Fenstern nur einmal w\u00e4hrend Ihres Besuchs oder das Gew\u00e4hren des Zugriffs auf bestimmte Funktionen wie Foren.<\/p>\n<p>Dar\u00fcber hinaus verwenden wir Drittanbieter-Werbungsdienste, um unsere Website zu unterst\u00fctzen. Einige dieser Werbetreibenden k\u00f6nnen Cookies und Web Beacons verwenden, um Anzeigen anzuzeigen, wenn Sie sich auf unserer Website befinden. Diese Werbetreibenden, einschlie\u00dflich Google \u00fcber Google AdSense, k\u00f6nnen Informationen wie Ihre IP-Adresse, Ihren Internetdienstanbieter, Ihren Webbrowser und in einigen F\u00e4llen feststellen, ob Flash aktiviert ist. Der Hauptzweck ist die gezielte Ausrichtung von Anzeigen, z. B. das Anzeigen von Immobilienanzeigen in New York f\u00fcr jemanden in New York oder das Anzeigen von lebensmittelbezogenen Anzeigen f\u00fcr jemanden, der lebensmittelbezogene Websites h\u00e4ufig besucht.<\/p>\n<p>Wir k\u00f6nnen auch DoubleClick DART-Cookies verwenden, um Anzeigen \u00fcber Google DoubleClick zu schalten. Diese Cookies werden auf Ihrem Computer w\u00e4hrend Ihres Besuchs auf Websites, die DoubleClick-Werbung verwenden, einschlie\u00dflich einiger Google AdSense-Anzeigen, platziert. DART-Cookies erm\u00f6glichen die Anzeige von Anzeigen, die Ihren Interessen basierend auf Ihrer Browsing-Historie entsprechen (bekannt als &#8222;interessenbasierte Ausrichtung&#8220;). Sie verfolgen oder offenbaren keine pers\u00f6nlichen Informationen \u00fcber Sie, wie Ihren Namen, Ihre E-Mail-Adresse, Ihre physische Adresse, Sozialversicherungsnummern, Bankkontonummern oder Kreditkartennummern.<\/p>\n<p>Sie haben die M\u00f6glichkeit, unsere Cookies oder Drittanbieter-Cookies in Ihren Browsereinstellungen oder \u00fcber Softwareprogramme wie Norton Internet Security zu deaktivieren oder selektiv zu deaktivieren. Bitte beachten Sie jedoch, dass dies Ihre F\u00e4higkeit zur Interaktion mit unserer Website und anderen Websites beeintr\u00e4chtigen kann, einschlie\u00dflich Funktionen wie dem Anmelden in Foren oder Konten.<\/p>\n<p>Es ist wichtig zu beachten, dass das Deaktivieren von Cookies nicht bedeutet, dass Sie sich dauerhaft aus einem Werbeprogramm abmelden. Wenn Sie Ihren Browser so konfiguriert haben, dass er Cookies beim Besuch von Werbeseiten ablehnt, k\u00f6nnen trotzdem neue Cookies auf Ihrem Computer abgelegt werden.<\/p>\n","protected":false},"excerpt":{"rendered":"<p>Auf https:\/\/mo-asumang-management.com\u00a0liegt uns der Schutz der Privatsph\u00e4re unserer Besucher sehr am Herzen. Wir legen gro\u00dfen Wert auf Ihre Privatsph\u00e4re und<\/p>\n","protected":false},"author":1,"featured_media":0,"parent":0,"menu_order":0,"comment_status":"closed","ping_status":"closed","template":"","meta":{"footnotes":""},"yoast_head":"<!-- This site is optimized with the Yoast SEO plugin v21.4 - https:\/\/yoast.com\/wordpress\/plugins\/seo\/ -->\n<title>Datenschutzrichtlinie - Mo Assuming Management<\/title>\n<meta name=\"robots\" content=\"index, follow, max-snippet:-1, max-image-preview:large, max-video-preview:-1\" \/>\n<link rel=\"canonical\" href=\"http:\/\/mo-asumang-management.com\/blog\/datenschutzrichtlinie\/\" \/>\n<meta property=\"og:locale\" content=\"de_DE\" \/>\n<meta property=\"og:type\" content=\"article\" \/>\n<meta property=\"og:title\" content=\"Datenschutzrichtlinie - Mo Assuming Management\" \/>\n<meta property=\"og:description\" content=\"Auf https:\/\/mo-asumang-management.com\u00a0liegt uns der Schutz der Privatsph\u00e4re unserer Besucher sehr am Herzen. Wir legen gro\u00dfen Wert auf Ihre Privatsph\u00e4re und\" \/>\n<meta property=\"og:url\" content=\"http:\/\/mo-asumang-management.com\/blog\/datenschutzrichtlinie\/\" \/>\n<meta property=\"og:site_name\" content=\"Mo Assuming Management\" \/>\n<meta property=\"article:modified_time\" content=\"2023-10-25T23:46:50+00:00\" \/>\n<meta name=\"twitter:card\" content=\"summary_large_image\" \/>\n<meta name=\"twitter:label1\" content=\"Gesch\u00e4tzte Lesezeit\" \/>\n\t<meta name=\"twitter:data1\" content=\"3 Minuten\" \/>\n<script type=\"application\/ld+json\" class=\"yoast-schema-graph\">{\"@context\":\"https:\/\/schema.org\",\"@graph\":[{\"@type\":\"WebPage\",\"@id\":\"http:\/\/mo-asumang-management.com\/blog\/datenschutzrichtlinie\/\",\"url\":\"http:\/\/mo-asumang-management.com\/blog\/datenschutzrichtlinie\/\",\"name\":\"Datenschutzrichtlinie - Mo Assuming Management\",\"isPartOf\":{\"@id\":\"https:\/\/mo-asumang-management.com\/blog\/#website\"},\"datePublished\":\"2023-10-24T23:45:15+00:00\",\"dateModified\":\"2023-10-25T23:46:50+00:00\",\"breadcrumb\":{\"@id\":\"http:\/\/mo-asumang-management.com\/blog\/datenschutzrichtlinie\/#breadcrumb\"},\"inLanguage\":\"de-DE\",\"potentialAction\":[{\"@type\":\"ReadAction\",\"target\":[\"http:\/\/mo-asumang-management.com\/blog\/datenschutzrichtlinie\/\"]}]},{\"@type\":\"BreadcrumbList\",\"@id\":\"http:\/\/mo-asumang-management.com\/blog\/datenschutzrichtlinie\/#breadcrumb\",\"itemListElement\":[{\"@type\":\"ListItem\",\"position\":1,\"name\":\"Home\",\"item\":\"https:\/\/mo-asumang-management.com\/blog\/\"},{\"@type\":\"ListItem\",\"position\":2,\"name\":\"Datenschutzrichtlinie\"}]},{\"@type\":\"WebSite\",\"@id\":\"https:\/\/mo-asumang-management.com\/blog\/#website\",\"url\":\"https:\/\/mo-asumang-management.com\/blog\/\",\"name\":\"Mo Assuming Management\",\"description\":\"Blog\",\"potentialAction\":[{\"@type\":\"SearchAction\",\"target\":{\"@type\":\"EntryPoint\",\"urlTemplate\":\"https:\/\/mo-asumang-management.com\/blog\/?s={search_term_string}\"},\"query-input\":\"required name=search_term_string\"}],\"inLanguage\":\"de-DE\"}]}<\/script>\n<!-- \/ Yoast SEO plugin. -->","yoast_head_json":{"title":"Datenschutzrichtlinie - Mo Assuming Management","robots":{"index":"index","follow":"follow","max-snippet":"max-snippet:-1","max-image-preview":"max-image-preview:large","max-video-preview":"max-video-preview:-1"},"canonical":"http:\/\/mo-asumang-management.com\/blog\/datenschutzrichtlinie\/","og_locale":"de_DE","og_type":"article","og_title":"Datenschutzrichtlinie - Mo Assuming Management","og_description":"Auf https:\/\/mo-asumang-management.com\u00a0liegt uns der Schutz der Privatsph\u00e4re unserer Besucher sehr am Herzen. Wir legen gro\u00dfen Wert auf Ihre Privatsph\u00e4re und","og_url":"http:\/\/mo-asumang-management.com\/blog\/datenschutzrichtlinie\/","og_site_name":"Mo Assuming Management","article_modified_time":"2023-10-25T23:46:50+00:00","twitter_card":"summary_large_image","twitter_misc":{"Gesch\u00e4tzte Lesezeit":"3 Minuten"},"schema":{"@context":"https:\/\/schema.org","@graph":[{"@type":"WebPage","@id":"http:\/\/mo-asumang-management.com\/blog\/datenschutzrichtlinie\/","url":"http:\/\/mo-asumang-management.com\/blog\/datenschutzrichtlinie\/","name":"Datenschutzrichtlinie - Mo Assuming Management","isPartOf":{"@id":"https:\/\/mo-asumang-management.com\/blog\/#website"},"datePublished":"2023-10-24T23:45:15+00:00","dateModified":"2023-10-25T23:46:50+00:00","breadcrumb":{"@id":"http:\/\/mo-asumang-management.com\/blog\/datenschutzrichtlinie\/#breadcrumb"},"inLanguage":"de-DE","potentialAction":[{"@type":"ReadAction","target":["http:\/\/mo-asumang-management.com\/blog\/datenschutzrichtlinie\/"]}]},{"@type":"BreadcrumbList","@id":"http:\/\/mo-asumang-management.com\/blog\/datenschutzrichtlinie\/#breadcrumb","itemListElement":[{"@type":"ListItem","position":1,"name":"Home","item":"https:\/\/mo-asumang-management.com\/blog\/"},{"@type":"ListItem","position":2,"name":"Datenschutzrichtlinie"}]},{"@type":"WebSite","@id":"https:\/\/mo-asumang-management.com\/blog\/#website","url":"https:\/\/mo-asumang-management.com\/blog\/","name":"Mo Assuming Management","description":"Blog","potentialAction":[{"@type":"SearchAction","target":{"@type":"EntryPoint","urlTemplate":"https:\/\/mo-asumang-management.com\/blog\/?s={search_term_string}"},"query-input":"required name=search_term_string"}],"inLanguage":"de-DE"}]}},"_links":{"self":[{"href":"https:\/\/mo-asumang-management.com\/blog\/wp-json\/wp\/v2\/pages\/52"}],"collection":[{"href":"https:\/\/mo-asumang-management.com\/blog\/wp-json\/wp\/v2\/pages"}],"about":[{"href":"https:\/\/mo-asumang-management.com\/blog\/wp-json\/wp\/v2\/types\/page"}],"author":[{"embeddable":true,"href":"https:\/\/mo-asumang-management.com\/blog\/wp-json\/wp\/v2\/users\/1"}],"replies":[{"embeddable":true,"href":"https:\/\/mo-asumang-management.com\/blog\/wp-json\/wp\/v2\/comments?post=52"}],"version-history":[{"count":1,"href":"https:\/\/mo-asumang-management.com\/blog\/wp-json\/wp\/v2\/pages\/52\/revisions"}],"predecessor-version":[{"id":53,"href":"https:\/\/mo-asumang-management.com\/blog\/wp-json\/wp\/v2\/pages\/52\/revisions\/53"}],"wp:attachment":[{"href":"https:\/\/mo-asumang-management.com\/blog\/wp-json\/wp\/v2\/media?parent=52"}],"curies":[{"name":"wp","href":"https:\/\/api.w.org\/{rel}","templated":true}]}}